{"id":12,"date":"2025-05-19T11:46:52","date_gmt":"2025-05-19T11:46:52","guid":{"rendered":"https:\/\/latabernadeturrunuelos.es\/?page_id=12"},"modified":"2025-07-08T17:39:52","modified_gmt":"2025-07-08T17:39:52","slug":"ubicacion","status":"publish","type":"page","link":"https:\/\/latabernadeturrunuelos.es\/index.php\/ubicacion\/","title":{"rendered":"Ubicaci\u00f3n"},"content":{"rendered":"<p>[et_pb_section fb_built=\u00bb1&#8243; next_background_color=\u00bb#ffffff\u00bb admin_label=\u00bbHero\u00bb _builder_version=\u00bb4.27.4&#8243; _module_preset=\u00bb_module_preset=\u00bb background_image=\u00bbhttps:\/\/latabernadeturrunuelos.es\/wp-content\/uploads\/2025\/06\/Turrunuelos-IMG_1031.jpg\u00bb custom_padding=\u00bb8vw||12vw||false|false\u00bb bottom_divider_style=\u00bbslant\u00bb bottom_divider_height=\u00bb10vw\u00bb bottom_divider_flip=\u00bbhorizontal\u00bb locked=\u00bboff\u00bb collapsed=\u00bbon\u00bb global_colors_info=\u00bb{}\u00bb][et_pb_row column_structure=\u00bb2_3,1_3&#8243; _builder_version=\u00bb4.18.0&#8243; _module_preset=\u00bb5138c454-be54-4233-bd3b-f8e6a8747976&#8243; locked=\u00bboff\u00bb global_colors_info=\u00bb{}\u00bb][et_pb_column type=\u00bb2_3&#8243; _builder_version=\u00bb4.16&#8243; _module_preset=\u00bb73121f80-a3ef-4484-8763-c3f18e3c56d2&#8243; global_colors_info=\u00bb{}\u00bb][et_pb_heading title=\u00bbDescubre Nuestra Ubicaci\u00f3n\u00bb _builder_version=\u00bb4.24.2&#8243; _module_preset=\u00bbf0c675ea-2574-4d0e-b725-30f8550a8550&#8243; title_text_color=\u00bb#FFFFFF\u00bb locked=\u00bboff\u00bb global_colors_info=\u00bb{}\u00bb][\/et_pb_heading][et_pb_heading title=\u00bbEncuentra La Taberna de Turru\u00f1uelos\u00bb _builder_version=\u00bb4.24.2&#8243; _module_preset=\u00bbddeb8c09-9078-4424-bc15-2efb6572e28e\u00bb title_text_color=\u00bb#FFFFFF\u00bb locked=\u00bboff\u00bb global_colors_info=\u00bb{}\u00bb][\/et_pb_heading][et_pb_text _builder_version=\u00bb4.24.2&#8243; _module_preset=\u00bb0504de1e-f5ff-4281-ba60-cbbe4edf98bc\u00bb locked=\u00bboff\u00bb global_colors_info=\u00bb{}\u00bb]<\/p>\n<p>Explora c\u00f3mo llegar a nuestra taberna y descubre los encantos de nuestro entorno \u00fanico.<\/p>\n<p>[\/et_pb_text][et_pb_button button_text=\u00bbVer Detalles\u00bb _builder_version=\u00bb4.24.3&#8243; _module_preset=\u00bbab15fb74-61a3-43aa-96b3-41e09aeef654&#8243; locked=\u00bboff\u00bb global_colors_info=\u00bb{}\u00bb][\/et_pb_button][\/et_pb_column][et_pb_column type=\u00bb1_3&#8243; _builder_version=\u00bb4.16&#8243; _module_preset=\u00bb73121f80-a3ef-4484-8763-c3f18e3c56d2&#8243; global_colors_info=\u00bb{}\u00bb][\/et_pb_column][\/et_pb_row][\/et_pb_section][et_pb_section fb_built=\u00bb1&#8243; admin_label=\u00bbAbout\u00bb _builder_version=\u00bb4.25.1&#8243; _module_preset=\u00bbdefault\u00bb locked=\u00bboff\u00bb collapsed=\u00bbon\u00bb global_colors_info=\u00bb{}\u00bb][et_pb_row _builder_version=\u00bb4.25.1&#8243; _module_preset=\u00bbdefault\u00bb global_colors_info=\u00bb{}\u00bb][et_pb_column type=\u00bb4_4&#8243; _builder_version=\u00bb4.25.1&#8243; _module_preset=\u00bbdefault\u00bb global_colors_info=\u00bb{}\u00bb][et_pb_heading title=\u00bbUbicaci\u00f3n de La Taberna\u00bb _builder_version=\u00bb4.25.1&#8243; _module_preset=\u00bbc33f07d9-41e0-421a-8799-5799df695cce\u00bb title_text_align=\u00bbcenter\u00bb global_colors_info=\u00bb{}\u00bb][\/et_pb_heading][et_pb_text _builder_version=\u00bb4.25.1&#8243; _module_preset=\u00bb2c55a9c4-feed-423b-9edb-ae0b5b365cac\u00bb text_orientation=\u00bbcenter\u00bb global_colors_info=\u00bb{}\u00bb]<\/p>\n<p>La Taberna de Turru\u00f1uelos se encuentra en Avda de Turru\u00f1uelos, 7, un lugar emblem\u00e1tico que combina la tradici\u00f3n cordobesa con un toque moderno. Situada en una zona vibrante, nuestra taberna ofrece un ambiente acogedor rodeado de la rica historia y cultura de C\u00f3rdoba. Ven y disfruta de una experiencia gastron\u00f3mica \u00fanica en un entorno inigualable.<\/p>\n<p>[\/et_pb_text][\/et_pb_column][\/et_pb_row][\/et_pb_section][et_pb_section fb_built=\u00bb1&#8243; admin_label=\u00bbText &#038; Image\u00bb _builder_version=\u00bb4.16&#8243; _module_preset=\u00bbdefault\u00bb locked=\u00bboff\u00bb collapsed=\u00bbon\u00bb global_colors_info=\u00bb{}\u00bb][et_pb_row column_structure=\u00bb2_5,3_5&#8243; _builder_version=\u00bb4.17.6&#8243; _module_preset=\u00bb5138c454-be54-4233-bd3b-f8e6a8747976&#8243; global_colors_info=\u00bb{}\u00bb][et_pb_column type=\u00bb2_5&#8243; _builder_version=\u00bb4.16&#8243; _module_preset=\u00bb73121f80-a3ef-4484-8763-c3f18e3c56d2&#8243; z_index=\u00bb500&#8243; global_colors_info=\u00bb{}\u00bb][et_pb_heading title=\u00bbEncuentra nuestro local\u00bb _builder_version=\u00bb4.24.3&#8243; _module_preset=\u00bbf0c675ea-2574-4d0e-b725-30f8550a8550&#8243; title_text_color=\u00bbgcid-primary-color\u00bb locked=\u00bboff\u00bb global_colors_info=\u00bb{%22gcid-primary-color%22:%91%22title_text_color%22%93}\u00bb][\/et_pb_heading][et_pb_heading title=\u00bbUbicaci\u00f3n precisa de La Taberna de Turru\u00f1uelos\u00bb _builder_version=\u00bb4.24.3&#8243; _module_preset=\u00bbc33f07d9-41e0-421a-8799-5799df695cce\u00bb locked=\u00bboff\u00bb global_colors_info=\u00bb{}\u00bb][\/et_pb_heading][et_pb_text _builder_version=\u00bb4.24.3&#8243; _module_preset=\u00bb2c55a9c4-feed-423b-9edb-ae0b5b365cac\u00bb locked=\u00bboff\u00bb global_colors_info=\u00bb{%22gcid-36fd78a7-34bc-404d-873c-dafa34efaae5%22:%91%22icon_color%22,%22icon_color%22%93}\u00bb body_font_size_tablet=\u00bb15px\u00bb body_font_size_phone=\u00bb14px\u00bb body_font_size_last_edited=\u00bbon|desktop\u00bb]<\/p>\n<p>Utiliza el mapa interactivo para localizar f\u00e1cilmente La Taberna de Turru\u00f1uelos.\u00a0 \u00a1Esperamos tu visita!<\/p>\n<p>[\/et_pb_text][\/et_pb_column][et_pb_column type=\u00bb3_5&#8243; _builder_version=\u00bb4.16&#8243; _module_preset=\u00bb73121f80-a3ef-4484-8763-c3f18e3c56d2&#8243; global_colors_info=\u00bb{}\u00bb][et_pb_code _builder_version=\u00bb4.27.4&#8243; _module_preset=\u00bbdefault\u00bb global_colors_info=\u00bb{}\u00bb]<iframe data-src=\"https:\/\/www.google.com\/maps\/embed?pb=!1m18!1m12!1m3!1d3148.288740252583!2d-4.810216025003048!3d37.90031320492003!2m3!1f0!2f0!3f0!3m2!1i1024!2i768!4f13.1!3m3!1m2!1s0xd6cdf006b33d95b%3A0xb880f8bf77dc3384!2sTaberna%20Turru%C3%B1uelos!5e0!3m2!1ses!2ses!4v1750673184960!5m2!1ses!2ses\" width=\"600\" height=\"450\" style=\"border:0;\" allowfullscreen=\"\" referrerpolicy=\"no-referrer-when-downgrade\" src=\"data:image\/svg+xml;base64,PHN2ZyB3aWR0aD0iMSIgaGVpZ2h0PSIxIiB4bWxucz0iaHR0cDovL3d3dy53My5vcmcvMjAwMC9zdmciPjwvc3ZnPg==\" class=\"lazyload\" data-load-mode=\"1\"><\/iframe>[\/et_pb_code][\/et_pb_column][\/et_pb_row][\/et_pb_section][et_pb_section fb_built=\u00bb1&#8243; admin_label=\u00bbContact Info\u00bb _builder_version=\u00bb4.25.1&#8243; _module_preset=\u00bbdefault\u00bb collapsed=\u00bbon\u00bb global_colors_info=\u00bb{}\u00bb][et_pb_row column_structure=\u00bb1_3,1_3,1_3&#8243; _builder_version=\u00bb4.25.1&#8243; _module_preset=\u00bbdefault\u00bb global_colors_info=\u00bb{}\u00bb][et_pb_column type=\u00bb1_3&#8243; _builder_version=\u00bb4.25.1&#8243; _module_preset=\u00bbdefault\u00bb global_colors_info=\u00bb{}\u00bb][et_pb_blurb title=\u00bbPhone\u00bb use_icon=\u00bbon\u00bb font_icon=\u00bb&#xe090;||divi||400&#8243; module_class=\u00bbai_ignore_all\u00bb _builder_version=\u00bb4.27.4&#8243; _module_preset=\u00bb65059203-12d3-44f6-8371-3f5cf61a0475&#8243; global_colors_info=\u00bb{}\u00bb]<\/p>\n<p>(957) 965 966<\/p>\n<p>[\/et_pb_blurb][\/et_pb_column][et_pb_column type=\u00bb1_3&#8243; _builder_version=\u00bb4.25.1&#8243; _module_preset=\u00bbdefault\u00bb global_colors_info=\u00bb{}\u00bb][et_pb_blurb title=\u00bbEmail\u00bb use_icon=\u00bbon\u00bb font_icon=\u00bb&#xf0e0;||fa||900&#8243; module_class=\u00bbai_ignore_all\u00bb _builder_version=\u00bb4.25.1&#8243; _module_preset=\u00bb65059203-12d3-44f6-8371-3f5cf61a0475&#8243; locked=\u00bboff\u00bb global_colors_info=\u00bb{}\u00bb]<\/p>\n<p><a href=\"mailto:contacto@latabernadeturrunuelos.com\">contacto@latabernadeturrunuelos.com<\/a><\/p>\n<p>[\/et_pb_blurb][\/et_pb_column][et_pb_column type=\u00bb1_3&#8243; _builder_version=\u00bb4.25.1&#8243; _module_preset=\u00bbdefault\u00bb global_colors_info=\u00bb{}\u00bb][et_pb_blurb title=\u00bbAddress\u00bb use_icon=\u00bbon\u00bb font_icon=\u00bb&#xf3c5;||fa||900&#8243; module_class=\u00bbai_ignore_all\u00bb _builder_version=\u00bb4.25.1&#8243; _module_preset=\u00bb65059203-12d3-44f6-8371-3f5cf61a0475&#8243; locked=\u00bboff\u00bb global_colors_info=\u00bb{}\u00bb]<\/p>\n<p>Avda de Turru\u00f1uelos, 7, 14011 C\u00f3rdoba, Espa\u00f1a<\/p>\n<p>[\/et_pb_blurb][\/et_pb_column][\/et_pb_row][\/et_pb_section][et_pb_section fb_built=\u00bb1&#8243; admin_label=\u00bbGallery\u00bb _builder_version=\u00bb4.23.1&#8243; _module_preset=\u00bbdefault\u00bb background_color=\u00bb#000000&#8243; locked=\u00bboff\u00bb collapsed=\u00bbon\u00bb global_colors_info=\u00bb{}\u00bb][et_pb_row _builder_version=\u00bb4.17.6&#8243; _module_preset=\u00bb5138c454-be54-4233-bd3b-f8e6a8747976&#8243; locked=\u00bboff\u00bb global_colors_info=\u00bb{}\u00bb][et_pb_column type=\u00bb4_4&#8243; _builder_version=\u00bb4.17.4&#8243; _module_preset=\u00bb73121f80-a3ef-4484-8763-c3f18e3c56d2&#8243; global_colors_info=\u00bb{}\u00bb][et_pb_heading title=\u00bbVistas de Nuestro Entorno\u00bb _builder_version=\u00bb4.24.2&#8243; _module_preset=\u00bbf0c675ea-2574-4d0e-b725-30f8550a8550&#8243; title_text_align=\u00bbcenter\u00bb title_text_color=\u00bbgcid-primary-color\u00bb global_colors_info=\u00bb{%22gcid-primary-color%22:%91%22title_text_color%22%93}\u00bb][\/et_pb_heading][et_pb_heading title=\u00bbGaler\u00eda de Im\u00e1genes\u00bb _builder_version=\u00bb4.24.2&#8243; _module_preset=\u00bbc33f07d9-41e0-421a-8799-5799df695cce\u00bb title_text_align=\u00bbcenter\u00bb title_text_color=\u00bb#FFFFFF\u00bb global_colors_info=\u00bb{}\u00bb][\/et_pb_heading][\/et_pb_column][\/et_pb_row][et_pb_row column_structure=\u00bb1_4,1_4,1_4,1_4&#8243; _builder_version=\u00bb4.23.1&#8243; _module_preset=\u00bb5138c454-be54-4233-bd3b-f8e6a8747976&#8243; custom_padding=\u00bb||0px||false|false\u00bb locked=\u00bboff\u00bb global_colors_info=\u00bb{}\u00bb][et_pb_column type=\u00bb1_4&#8243; _builder_version=\u00bb4.17.6&#8243; _module_preset=\u00bb73121f80-a3ef-4484-8763-c3f18e3c56d2&#8243; global_colors_info=\u00bb{}\u00bb][et_pb_image src=\u00bbhttps:\/\/latabernadeturrunuelos.es\/wp-content\/uploads\/2025\/06\/Turrunuelos-IMG_2766.jpg\u00bb title_text=\u00bbTurrunuelos- IMG_2766&#8243; show_in_lightbox=\u00bbon\u00bb use_overlay=\u00bbon\u00bb overlay_icon_color=\u00bbgcid-secondary-color\u00bb _builder_version=\u00bb4.27.4&#8243; _module_preset=\u00bb6ed8fd5c-62c5-4100-98c3-7b8b6d2c2ee6&#8243; locked=\u00bboff\u00bb global_colors_info=\u00bb{%22gcid-secondary-color%22:%91%22overlay_icon_color%22%93}\u00bb][\/et_pb_image][et_pb_image src=\u00bbhttps:\/\/latabernadeturrunuelos.es\/wp-content\/uploads\/2025\/06\/Turrunuelos-IMG_0993.jpg\u00bb title_text=\u00bbTurrunuelos- IMG_0993&#8243; show_in_lightbox=\u00bbon\u00bb use_overlay=\u00bbon\u00bb overlay_icon_color=\u00bbgcid-secondary-color\u00bb _builder_version=\u00bb4.27.4&#8243; _module_preset=\u00bb6ed8fd5c-62c5-4100-98c3-7b8b6d2c2ee6&#8243; locked=\u00bboff\u00bb global_colors_info=\u00bb{%22gcid-secondary-color%22:%91%22overlay_icon_color%22%93}\u00bb][\/et_pb_image][\/et_pb_column][et_pb_column type=\u00bb1_4&#8243; _builder_version=\u00bb4.17.6&#8243; _module_preset=\u00bb73121f80-a3ef-4484-8763-c3f18e3c56d2&#8243; global_colors_info=\u00bb{}\u00bb][et_pb_image src=\u00bbhttps:\/\/latabernadeturrunuelos.es\/wp-content\/uploads\/2025\/06\/Turrunuelos-IMG_2760.jpg\u00bb title_text=\u00bbTurrunuelos- IMG_2760&#8243; show_in_lightbox=\u00bbon\u00bb use_overlay=\u00bbon\u00bb overlay_icon_color=\u00bbgcid-secondary-color\u00bb _builder_version=\u00bb4.27.4&#8243; _module_preset=\u00bb6ed8fd5c-62c5-4100-98c3-7b8b6d2c2ee6&#8243; locked=\u00bboff\u00bb global_colors_info=\u00bb{%22gcid-secondary-color%22:%91%22overlay_icon_color%22%93}\u00bb][\/et_pb_image][et_pb_image src=\u00bbhttps:\/\/latabernadeturrunuelos.es\/wp-content\/uploads\/2025\/06\/Turrunuelos-IMG_1026.jpg\u00bb title_text=\u00bbTurrunuelos- IMG_1026&#8243; show_in_lightbox=\u00bbon\u00bb use_overlay=\u00bbon\u00bb overlay_icon_color=\u00bbgcid-secondary-color\u00bb _builder_version=\u00bb4.27.4&#8243; _module_preset=\u00bb6ed8fd5c-62c5-4100-98c3-7b8b6d2c2ee6&#8243; locked=\u00bboff\u00bb global_colors_info=\u00bb{%22gcid-secondary-color%22:%91%22overlay_icon_color%22%93}\u00bb][\/et_pb_image][\/et_pb_column][et_pb_column type=\u00bb1_4&#8243; _builder_version=\u00bb4.17.6&#8243; _module_preset=\u00bb73121f80-a3ef-4484-8763-c3f18e3c56d2&#8243; global_colors_info=\u00bb{}\u00bb][et_pb_image src=\u00bbhttps:\/\/latabernadeturrunuelos.es\/wp-content\/uploads\/2025\/06\/Turrunuelos-IMG_1008.jpg\u00bb title_text=\u00bbTurrunuelos- IMG_1008&#8243; show_in_lightbox=\u00bbon\u00bb use_overlay=\u00bbon\u00bb overlay_icon_color=\u00bbgcid-secondary-color\u00bb _builder_version=\u00bb4.27.4&#8243; _module_preset=\u00bb6ed8fd5c-62c5-4100-98c3-7b8b6d2c2ee6&#8243; locked=\u00bboff\u00bb global_colors_info=\u00bb{%22gcid-secondary-color%22:%91%22overlay_icon_color%22%93}\u00bb][\/et_pb_image][et_pb_image src=\u00bbhttps:\/\/latabernadeturrunuelos.es\/wp-content\/uploads\/2025\/06\/Turrunuelos-IMG_2755.jpg\u00bb title_text=\u00bbTurrunuelos- IMG_2755&#8243; show_in_lightbox=\u00bbon\u00bb use_overlay=\u00bbon\u00bb overlay_icon_color=\u00bbgcid-secondary-color\u00bb _builder_version=\u00bb4.27.4&#8243; _module_preset=\u00bb6ed8fd5c-62c5-4100-98c3-7b8b6d2c2ee6&#8243; locked=\u00bboff\u00bb global_colors_info=\u00bb{%22gcid-secondary-color%22:%91%22overlay_icon_color%22%93}\u00bb][\/et_pb_image][\/et_pb_column][et_pb_column type=\u00bb1_4&#8243; _builder_version=\u00bb4.17.6&#8243; _module_preset=\u00bb73121f80-a3ef-4484-8763-c3f18e3c56d2&#8243; global_colors_info=\u00bb{}\u00bb][et_pb_image src=\u00bbhttps:\/\/latabernadeturrunuelos.es\/wp-content\/uploads\/2025\/06\/Turrunuelos-IMG_0998.jpg\u00bb title_text=\u00bbTurrunuelos- IMG_0998&#8243; show_in_lightbox=\u00bbon\u00bb use_overlay=\u00bbon\u00bb overlay_icon_color=\u00bbgcid-secondary-color\u00bb _builder_version=\u00bb4.27.4&#8243; _module_preset=\u00bb6ed8fd5c-62c5-4100-98c3-7b8b6d2c2ee6&#8243; locked=\u00bboff\u00bb global_colors_info=\u00bb{%22gcid-secondary-color%22:%91%22overlay_icon_color%22%93}\u00bb][\/et_pb_image][et_pb_image src=\u00bbhttps:\/\/latabernadeturrunuelos.es\/wp-content\/uploads\/2025\/05\/IMG_0997-scaled.jpg\u00bb title_text=\u00bbIMG_0997&#8243; show_in_lightbox=\u00bbon\u00bb use_overlay=\u00bbon\u00bb overlay_icon_color=\u00bbgcid-secondary-color\u00bb _builder_version=\u00bb4.27.4&#8243; _module_preset=\u00bb6ed8fd5c-62c5-4100-98c3-7b8b6d2c2ee6&#8243; locked=\u00bboff\u00bb global_colors_info=\u00bb{%22gcid-secondary-color%22:%91%22overlay_icon_color%22%93}\u00bb][\/et_pb_image][\/et_pb_column][\/et_pb_row][\/et_pb_section][et_pb_section fb_built=\u00bb1&#8243; admin_label=\u00bbCall to Action\u00bb _builder_version=\u00bb4.23.1&#8243; _module_preset=\u00bbdefault\u00bb locked=\u00bboff\u00bb collapsed=\u00bbon\u00bb global_colors_info=\u00bb{}\u00bb][et_pb_row _builder_version=\u00bb4.24.3&#8243; _module_preset=\u00bb5138c454-be54-4233-bd3b-f8e6a8747976&#8243; global_colors_info=\u00bb{}\u00bb][et_pb_column type=\u00bb4_4&#8243; _builder_version=\u00bb4.24.3&#8243; _module_preset=\u00bb73121f80-a3ef-4484-8763-c3f18e3c56d2&#8243; global_colors_info=\u00bb{}\u00bb][et_pb_cta title=\u00bbReserva tu Mesa Hoy\u00bb button_url=\u00bb#\u00bb button_text=\u00bbHaz tu Reserva\u00bb _builder_version=\u00bb4.24.3&#8243; _module_preset=\u00bb0cae81ab-7223-4b50-8e71-bfb309c58c86&#8243; background_enable_color=\u00bboff\u00bb use_background_color_gradient=\u00bbon\u00bb background_color_gradient_stops=\u00bbrgba(0,0,0,0.75) 0%|rgba(0,0,0,0.75) 100%\u00bb background_color_gradient_overlays_image=\u00bbon\u00bb background_image=\u00bbhttps:\/\/images.unsplash.com\/photo-1524601500432-1e1a4c71d692?ixid=M3w1ODkyNzF8MHwxfHNlYXJjaHw1fHxmcmllbmRzJTIwZW5qb3lpbmclMjBtZWFsfGVufDB8MHx8fDE3NDc2NTUxMzV8MA&#038;ixlib=rb-4.1.0&#038;fm=webp&#038;fit=crop&#038;crop=entropy&#038;w=1080&#038;h=600&#038;q=20&#038;dpr=2&#8243; custom_padding=\u00bb5vw|60px|5vw|60px|true|true\u00bb custom_padding_tablet=\u00bb|30px||30px|true|true\u00bb custom_padding_phone=\u00bb|20px||20px|true|true\u00bb custom_padding_last_edited=\u00bbon|desktop\u00bb locked=\u00bboff\u00bb global_colors_info=\u00bb{}\u00bb text_font_size_tablet=\u00bb16px\u00bb text_font_size_phone=\u00bb14px\u00bb text_font_size_last_edited=\u00bbon|phone\u00bb]<\/p>\n<p>Disfruta de una experiencia culinaria \u00fanica en La Taberna de Turru\u00f1uelos. Ubicados en Avda de Turru\u00f1uelos, 7, te invitamos a sumergirte en la aut\u00e9ntica comida tradicional cordobesa con un toque de innovaci\u00f3n. \u00a1Reserva ahora y asegura tu lugar para una experiencia inolvidable!<\/p>\n<p>[\/et_pb_cta][\/et_pb_column][\/et_pb_row][\/et_pb_section]<\/p>\n","protected":false},"excerpt":{"rendered":"<p>Explora c\u00f3mo llegar a nuestra taberna y descubre los encantos de nuestro entorno \u00fanico.La Taberna de Turru\u00f1uelos se encuentra en Avda de Turru\u00f1uelos, 7, un lugar emblem\u00e1tico que combina la tradici\u00f3n cordobesa con un toque moderno. Situada en una zona vibrante, nuestra taberna ofrece un ambiente acogedor rodeado de la rica historia y cultura de [&hellip;]<\/p>\n","protected":false},"author":1,"featured_media":0,"parent":0,"menu_order":0,"comment_status":"closed","ping_status":"closed","template":"","meta":{"_et_pb_use_builder":"on","_et_pb_old_content":"","_et_gb_content_width":"","footnotes":""},"class_list":["post-12","page","type-page","status-publish","hentry"],"yoast_head":"<!-- This site is optimized with the Yoast SEO plugin v27.5 - https:\/\/yoast.com\/product\/yoast-seo-wordpress\/ -->\n<title>Ubicaci\u00f3n - La Taberna de Turru\u00f1uelos<\/title>\n<meta name=\"robots\" content=\"index, follow, max-snippet:-1, max-image-preview:large, max-video-preview:-1\" \/>\n<link rel=\"canonical\" href=\"https:\/\/latabernadeturrunuelos.es\/index.php\/ubicacion\/\" \/>\n<meta property=\"og:locale\" content=\"es_ES\" \/>\n<meta property=\"og:type\" content=\"article\" \/>\n<meta property=\"og:title\" content=\"Ubicaci\u00f3n - La Taberna de Turru\u00f1uelos\" \/>\n<meta property=\"og:description\" content=\"Explora c\u00f3mo llegar a nuestra taberna y descubre los encantos de nuestro entorno \u00fanico.La Taberna de Turru\u00f1uelos se encuentra en Avda de Turru\u00f1uelos, 7, un lugar emblem\u00e1tico que combina la tradici\u00f3n cordobesa con un toque moderno. Situada en una zona vibrante, nuestra taberna ofrece un ambiente acogedor rodeado de la rica historia y cultura de [&hellip;]\" \/>\n<meta property=\"og:url\" content=\"https:\/\/latabernadeturrunuelos.es\/index.php\/ubicacion\/\" \/>\n<meta property=\"og:site_name\" content=\"La Taberna de Turru\u00f1uelos\" \/>\n<meta property=\"article:modified_time\" content=\"2025-07-08T17:39:52+00:00\" \/>\n<meta name=\"twitter:card\" content=\"summary_large_image\" \/>\n<meta name=\"twitter:label1\" content=\"Tiempo de lectura\" \/>\n\t<meta name=\"twitter:data1\" content=\"9 minutos\" \/>\n<script type=\"application\/ld+json\" class=\"yoast-schema-graph\">{\"@context\":\"https:\\\/\\\/schema.org\",\"@graph\":[{\"@type\":\"WebPage\",\"@id\":\"https:\\\/\\\/latabernadeturrunuelos.es\\\/index.php\\\/ubicacion\\\/\",\"url\":\"https:\\\/\\\/latabernadeturrunuelos.es\\\/index.php\\\/ubicacion\\\/\",\"name\":\"Ubicaci\u00f3n - La Taberna de Turru\u00f1uelos\",\"isPartOf\":{\"@id\":\"https:\\\/\\\/latabernadeturrunuelos.es\\\/#website\"},\"datePublished\":\"2025-05-19T11:46:52+00:00\",\"dateModified\":\"2025-07-08T17:39:52+00:00\",\"breadcrumb\":{\"@id\":\"https:\\\/\\\/latabernadeturrunuelos.es\\\/index.php\\\/ubicacion\\\/#breadcrumb\"},\"inLanguage\":\"es\",\"potentialAction\":[{\"@type\":\"ReadAction\",\"target\":[\"https:\\\/\\\/latabernadeturrunuelos.es\\\/index.php\\\/ubicacion\\\/\"]}]},{\"@type\":\"BreadcrumbList\",\"@id\":\"https:\\\/\\\/latabernadeturrunuelos.es\\\/index.php\\\/ubicacion\\\/#breadcrumb\",\"itemListElement\":[{\"@type\":\"ListItem\",\"position\":1,\"name\":\"Portada\",\"item\":\"https:\\\/\\\/latabernadeturrunuelos.es\\\/\"},{\"@type\":\"ListItem\",\"position\":2,\"name\":\"Ubicaci\u00f3n\"}]},{\"@type\":\"WebSite\",\"@id\":\"https:\\\/\\\/latabernadeturrunuelos.es\\\/#website\",\"url\":\"https:\\\/\\\/latabernadeturrunuelos.es\\\/\",\"name\":\"La Taberna de Turru\u00f1uelos\",\"description\":\"Comida tradicional cordobesa con toques de innovaci\u00f3n.\",\"potentialAction\":[{\"@type\":\"SearchAction\",\"target\":{\"@type\":\"EntryPoint\",\"urlTemplate\":\"https:\\\/\\\/latabernadeturrunuelos.es\\\/?s={search_term_string}\"},\"query-input\":{\"@type\":\"PropertyValueSpecification\",\"valueRequired\":true,\"valueName\":\"search_term_string\"}}],\"inLanguage\":\"es\"}]}<\/script>\n<!-- \/ Yoast SEO plugin. -->","yoast_head_json":{"title":"Ubicaci\u00f3n - La Taberna de Turru\u00f1uelos","robots":{"index":"index","follow":"follow","max-snippet":"max-snippet:-1","max-image-preview":"max-image-preview:large","max-video-preview":"max-video-preview:-1"},"canonical":"https:\/\/latabernadeturrunuelos.es\/index.php\/ubicacion\/","og_locale":"es_ES","og_type":"article","og_title":"Ubicaci\u00f3n - La Taberna de Turru\u00f1uelos","og_description":"Explora c\u00f3mo llegar a nuestra taberna y descubre los encantos de nuestro entorno \u00fanico.La Taberna de Turru\u00f1uelos se encuentra en Avda de Turru\u00f1uelos, 7, un lugar emblem\u00e1tico que combina la tradici\u00f3n cordobesa con un toque moderno. Situada en una zona vibrante, nuestra taberna ofrece un ambiente acogedor rodeado de la rica historia y cultura de [&hellip;]","og_url":"https:\/\/latabernadeturrunuelos.es\/index.php\/ubicacion\/","og_site_name":"La Taberna de Turru\u00f1uelos","article_modified_time":"2025-07-08T17:39:52+00:00","twitter_card":"summary_large_image","twitter_misc":{"Tiempo de lectura":"9 minutos"},"schema":{"@context":"https:\/\/schema.org","@graph":[{"@type":"WebPage","@id":"https:\/\/latabernadeturrunuelos.es\/index.php\/ubicacion\/","url":"https:\/\/latabernadeturrunuelos.es\/index.php\/ubicacion\/","name":"Ubicaci\u00f3n - La Taberna de Turru\u00f1uelos","isPartOf":{"@id":"https:\/\/latabernadeturrunuelos.es\/#website"},"datePublished":"2025-05-19T11:46:52+00:00","dateModified":"2025-07-08T17:39:52+00:00","breadcrumb":{"@id":"https:\/\/latabernadeturrunuelos.es\/index.php\/ubicacion\/#breadcrumb"},"inLanguage":"es","potentialAction":[{"@type":"ReadAction","target":["https:\/\/latabernadeturrunuelos.es\/index.php\/ubicacion\/"]}]},{"@type":"BreadcrumbList","@id":"https:\/\/latabernadeturrunuelos.es\/index.php\/ubicacion\/#breadcrumb","itemListElement":[{"@type":"ListItem","position":1,"name":"Portada","item":"https:\/\/latabernadeturrunuelos.es\/"},{"@type":"ListItem","position":2,"name":"Ubicaci\u00f3n"}]},{"@type":"WebSite","@id":"https:\/\/latabernadeturrunuelos.es\/#website","url":"https:\/\/latabernadeturrunuelos.es\/","name":"La Taberna de Turru\u00f1uelos","description":"Comida tradicional cordobesa con toques de innovaci\u00f3n.","potentialAction":[{"@type":"SearchAction","target":{"@type":"EntryPoint","urlTemplate":"https:\/\/latabernadeturrunuelos.es\/?s={search_term_string}"},"query-input":{"@type":"PropertyValueSpecification","valueRequired":true,"valueName":"search_term_string"}}],"inLanguage":"es"}]}},"_links":{"self":[{"href":"https:\/\/latabernadeturrunuelos.es\/index.php\/wp-json\/wp\/v2\/pages\/12","targetHints":{"allow":["GET"]}}],"collection":[{"href":"https:\/\/latabernadeturrunuelos.es\/index.php\/wp-json\/wp\/v2\/pages"}],"about":[{"href":"https:\/\/latabernadeturrunuelos.es\/index.php\/wp-json\/wp\/v2\/types\/page"}],"author":[{"embeddable":true,"href":"https:\/\/latabernadeturrunuelos.es\/index.php\/wp-json\/wp\/v2\/users\/1"}],"replies":[{"embeddable":true,"href":"https:\/\/latabernadeturrunuelos.es\/index.php\/wp-json\/wp\/v2\/comments?post=12"}],"version-history":[{"count":3,"href":"https:\/\/latabernadeturrunuelos.es\/index.php\/wp-json\/wp\/v2\/pages\/12\/revisions"}],"predecessor-version":[{"id":175,"href":"https:\/\/latabernadeturrunuelos.es\/index.php\/wp-json\/wp\/v2\/pages\/12\/revisions\/175"}],"wp:attachment":[{"href":"https:\/\/latabernadeturrunuelos.es\/index.php\/wp-json\/wp\/v2\/media?parent=12"}],"curies":[{"name":"wp","href":"https:\/\/api.w.org\/{rel}","templated":true}]}}